{"id":60,"date":"2023-02-05T00:23:48","date_gmt":"2023-02-05T05:23:48","guid":{"rendered":"http:\/\/www.grintec.org\/index.php\/inicio-2\/"},"modified":"2023-10-05T22:57:57","modified_gmt":"2023-10-06T03:57:57","slug":"inicio-2","status":"publish","type":"page","link":"https:\/\/www.grintec.org\/","title":{"rendered":"Inicio"},"content":{"rendered":"<h4><strong>Sensores remotos para el monitoreo del estado del tiempo en los tres pisos clim\u00e1ticos de la Provincia Bol\u00edvar en los periodos 2022 al 2024. (Primera etapa)<\/strong><\/h4>\n<p>&nbsp;<\/p>\n<table style=\"border-collapse: collapse; width: 100%;\">\n<tbody>\n<tr>\n<td style=\"width: 45.6407%; border-color: #ffffff; background-color: #ffffff;\"><img loading=\"lazy\" decoding=\"async\" class=\"alignnone size-full wp-image-26\" src=\"https:\/\/www.grintec.org\/wp-content\/uploads\/2023\/02\/slide792-300x185-1.png\" alt=\"\" width=\"300\" height=\"185\" \/><\/p>\n<p>&nbsp;<\/p>\n<p><img loading=\"lazy\" decoding=\"async\" class=\"alignnone size-full wp-image-38\" src=\"https:\/\/www.grintec.org\/wp-content\/uploads\/2023\/02\/VentageVUE-281x300-1.jpg\" alt=\"\" width=\"281\" height=\"300\" \/><\/p>\n<p>&nbsp;<\/td>\n<td style=\"width: 54.3593%; text-align: justify; border-color: #ffffff; background-color: #ffffff;\">\n<blockquote>\n<p style=\"text-align: justify;\"><span style=\"font-size: 14pt;\">Ante la poca existencia de datos meteorol\u00f3gicos en la provincia Bol\u00edvar tratados de forma t\u00e9cnica y cient\u00edfica, adem\u00e1s que sean de acceso libre con informaci\u00f3n que haga referencia al estado del tiempo, nos han impulsado a desarrollar el trabajo de investigaci\u00f3n con la idea de implementar un <em>Sistema de Red de Sensores Remotos<\/em> apoyados en las nuevas tecnolog\u00edas de informaci\u00f3n; as\u00ed como, que la data recopilada sirva para poder generar modelos predictivos o de comportamiento de situaciones que facilitar\u00e1 a los tomadores de decisiones reaccionar oportunamente ante posibles crisis fruto de los fen\u00f3menos naturales.<\/span><\/p>\n<\/blockquote>\n<\/td>\n<\/tr>\n<\/tbody>\n<\/table>\n<p>&nbsp;<\/p>\n<table style=\"border-collapse: collapse; width: 100%;\">\n<tbody>\n<tr>\n<td style=\"width: 0px; height: 0px; border-style: hidden; text-align: center; vertical-align: middle;\"><\/td>\n<td style=\"width: 0px; height: 0px; border-style: hidden; text-align: center; vertical-align: middle;\"><a href=\"https:\/\/www.grintec.org\/wp-content\/uploads\/LOGO-NASA_pq.png\"><img loading=\"lazy\" decoding=\"async\" class=\"aligncenter size-full wp-image-375\" src=\"https:\/\/www.grintec.org\/wp-content\/uploads\/LOGO-NASA_pq.png\" alt=\"\" width=\"300\" height=\"254\" \/><\/a><\/td>\n<td style=\"width: 0px; height: 0px; border-style: hidden; text-align: center; vertical-align: middle;\"><\/td>\n<td style=\"width: 0px; height: 0px; border-style: hidden; text-align: center; vertical-align: middle;\"><a href=\"https:\/\/www.grintec.org\/wp-content\/uploads\/LOGO-NOAA-pq.png\"><img loading=\"lazy\" decoding=\"async\" class=\"aligncenter size-full wp-image-376\" src=\"https:\/\/www.grintec.org\/wp-content\/uploads\/LOGO-NOAA-pq.png\" alt=\"\" width=\"300\" height=\"300\" srcset=\"https:\/\/www.grintec.org\/wp-content\/uploads\/LOGO-NOAA-pq.png 300w, https:\/\/www.grintec.org\/wp-content\/uploads\/LOGO-NOAA-pq-150x150.png 150w\" sizes=\"(max-width: 300px) 100vw, 300px\" \/><\/a><\/td>\n<td style=\"width: 0px; height: 0px; border-style: hidden; text-align: center; vertical-align: middle;\"><\/td>\n<td style=\"width: 0px; height: 0px; border-style: hidden; text-align: center; vertical-align: middle;\"><a href=\"https:\/\/www.grintec.org\/wp-content\/uploads\/LOGO-GOES-S-pq.png\"><img loading=\"lazy\" decoding=\"async\" class=\"aligncenter size-full wp-image-377\" src=\"https:\/\/www.grintec.org\/wp-content\/uploads\/LOGO-GOES-S-pq.png\" alt=\"\" width=\"300\" height=\"191\" \/><\/a><\/td>\n<td style=\"width: 0px; height: 0px; border-style: hidden; text-align: center; vertical-align: middle;\"><\/td>\n<\/tr>\n<\/tbody>\n<\/table>\n","protected":false},"excerpt":{"rendered":"<p>Sensores remotos para el monitoreo del estado del tiempo en los tres pisos clim\u00e1ticos de la Provincia Bol\u00edvar en los periodos 2022 al 2024. (Primera etapa) &nbsp; &nbsp; &nbsp; Ante la poca existencia de datos meteorol\u00f3gicos en la provincia Bol\u00edvar tratados de forma t\u00e9cnica y cient\u00edfica, adem\u00e1s que sean de acceso libre con informaci\u00f3n que [&hellip;]<\/p>\n","protected":false},"author":1,"featured_media":0,"parent":0,"menu_order":1,"comment_status":"closed","ping_status":"closed","template":"","meta":{"footnotes":""},"_links":{"self":[{"href":"https:\/\/www.grintec.org\/index.php?rest_route=\/wp\/v2\/pages\/60"}],"collection":[{"href":"https:\/\/www.grintec.org\/index.php?rest_route=\/wp\/v2\/pages"}],"about":[{"href":"https:\/\/www.grintec.org\/index.php?rest_route=\/wp\/v2\/types\/page"}],"author":[{"embeddable":true,"href":"https:\/\/www.grintec.org\/index.php?rest_route=\/wp\/v2\/users\/1"}],"replies":[{"embeddable":true,"href":"https:\/\/www.grintec.org\/index.php?rest_route=%2Fwp%2Fv2%2Fcomments&post=60"}],"version-history":[{"count":9,"href":"https:\/\/www.grintec.org\/index.php?rest_route=\/wp\/v2\/pages\/60\/revisions"}],"predecessor-version":[{"id":395,"href":"https:\/\/www.grintec.org\/index.php?rest_route=\/wp\/v2\/pages\/60\/revisions\/395"}],"wp:attachment":[{"href":"https:\/\/www.grintec.org\/index.php?rest_route=%2Fwp%2Fv2%2Fmedia&parent=60"}],"curies":[{"name":"wp","href":"https:\/\/api.w.org\/{rel}","templated":true}]}}