{"id":62,"date":"2023-02-05T00:23:50","date_gmt":"2023-02-05T05:23:50","guid":{"rendered":"http:\/\/www.grintec.org\/index.php\/inicio-2\/new-page-2\/"},"modified":"2025-05-12T22:48:00","modified_gmt":"2025-05-13T03:48:00","slug":"estaciones","status":"publish","type":"page","link":"https:\/\/www.grintec.org\/?page_id=62","title":{"rendered":"Estaciones MET"},"content":{"rendered":"<h4>Sensores Remotos<\/h4>\n<p style=\"text-align: justify;\">Una red de sensores es capaz de entregar datos anal\u00f3gicos en tiempo real y los convierte en digitales, los cuales adem\u00e1s pueden ser almacenados, permiti\u00e9ndonos analizar distintas variables que las estaciones remotas son capaces de entregar, tales como: temperatura, humedad, presi\u00f3n atmosf\u00e9rica, pluviometr\u00eda, velocidad y direcci\u00f3n del viento, facilitando la posibilidad de correlacionar dichos datos con im\u00e1genes satelitales que nos permitir\u00edan \u201cpredecir\u201d el comportamiento clim\u00e1tico en las zonas de influencia de dichos sensores y a su vez facilitar la toma de decisiones.<\/p>\n<p style=\"text-align: justify;\">Por otra parte, los datos capturados generar\u00e1n informaci\u00f3n que en el transcurso del tiempo se convierten en hist\u00f3ricos, lo que permitir\u00eda analizar el comportamiento clim\u00e1tico con el uso de modelos matem\u00e1ticos con capacidad para determinar las tendencias al pasar los a\u00f1os y evidenciar c\u00f3mo va afectando el cambio clim\u00e1tico en las zonas en las cuales se ha instalado dichas estaciones y discutirlo desde un punto de vista cient\u00edfico.<\/p>\n<p style=\"text-align: justify;\">La combinaci\u00f3n de tecnolog\u00edas de los sensores anal\u00f3gicos en superficie, as\u00ed como los sensores de sat\u00e9lites nos permitir\u00e1n tener una mejor idea de lo que ocurre con el clima y su influencia en los seres humanos, ante los procesos de deforestaci\u00f3n, inundaciones, tect\u00f3nica del suelo, sequ\u00edas, enfermedades, entre otras.<\/p>\n<p style=\"text-align: justify;\">Por lo tanto, el prop\u00f3sito del Sistema de Sensores Remotos (RSR-MET) es la de facilitar la informaci\u00f3n en tiempo real, la que ser\u00e1 publicada a trav\u00e9s de un servidor de datos por internet de manera gr\u00e1fica y de texto, separ\u00e1ndoles por \u00e1rea de monitoreo en toda la provincia de Bol\u00edvar con el prop\u00f3sito de que la data generada sea compartida con: estudiantes, docentes, agricultores, transportistas, turistas, sistemas de alerta temprana, ambientalistas, entre otros. De tal forma que la interpretaci\u00f3n de datos con base a los modelos matem\u00e1ticos aplicados permitir\u00e1 tomar decisiones<\/p>\n<p><a href=\"https:\/\/www.grintec.org\/wp-content\/uploads\/Sistemas-Remotos-Clima-2-1.png\"><img loading=\"lazy\" decoding=\"async\" class=\"aligncenter wp-image-457\" src=\"https:\/\/www.grintec.org\/wp-content\/uploads\/Sistemas-Remotos-Clima-2-1.png\" alt=\"\" width=\"481\" height=\"481\" srcset=\"https:\/\/www.grintec.org\/wp-content\/uploads\/Sistemas-Remotos-Clima-2-1.png 800w, https:\/\/www.grintec.org\/wp-content\/uploads\/Sistemas-Remotos-Clima-2-1-300x300.png 300w, https:\/\/www.grintec.org\/wp-content\/uploads\/Sistemas-Remotos-Clima-2-1-150x150.png 150w, https:\/\/www.grintec.org\/wp-content\/uploads\/Sistemas-Remotos-Clima-2-1-768x768.png 768w\" sizes=\"(max-width: 481px) 100vw, 481px\" \/><\/a><\/p>\n<p><a href=\"https:\/\/www.grintec.org\/wp-content\/uploads\/Mapa-estaciones-12-05-2025_21-54-44.png\"><img loading=\"lazy\" decoding=\"async\" class=\"aligncenter  wp-image-605\" src=\"https:\/\/www.grintec.org\/wp-content\/uploads\/Mapa-estaciones-12-05-2025_21-54-44.png\" alt=\"\" width=\"513\" height=\"649\" srcset=\"https:\/\/www.grintec.org\/wp-content\/uploads\/Mapa-estaciones-12-05-2025_21-54-44.png 672w, https:\/\/www.grintec.org\/wp-content\/uploads\/Mapa-estaciones-12-05-2025_21-54-44-237x300.png 237w\" sizes=\"(max-width: 513px) 100vw, 513px\" \/><\/a><\/p>\n","protected":false},"excerpt":{"rendered":"<p>Sensores Remotos Una red de sensores es capaz de entregar datos anal\u00f3gicos en tiempo real y los convierte en digitales, los cuales adem\u00e1s pueden ser almacenados, permiti\u00e9ndonos analizar distintas variables que las estaciones remotas son capaces de entregar, tales como: temperatura, humedad, presi\u00f3n atmosf\u00e9rica, pluviometr\u00eda, velocidad y direcci\u00f3n del viento, facilitando la posibilidad de correlacionar [&hellip;]<\/p>\n","protected":false},"author":1,"featured_media":0,"parent":0,"menu_order":3,"comment_status":"closed","ping_status":"closed","template":"","meta":{"footnotes":""},"_links":{"self":[{"href":"https:\/\/www.grintec.org\/index.php?rest_route=\/wp\/v2\/pages\/62"}],"collection":[{"href":"https:\/\/www.grintec.org\/index.php?rest_route=\/wp\/v2\/pages"}],"about":[{"href":"https:\/\/www.grintec.org\/index.php?rest_route=\/wp\/v2\/types\/page"}],"author":[{"embeddable":true,"href":"https:\/\/www.grintec.org\/index.php?rest_route=\/wp\/v2\/users\/1"}],"replies":[{"embeddable":true,"href":"https:\/\/www.grintec.org\/index.php?rest_route=%2Fwp%2Fv2%2Fcomments&post=62"}],"version-history":[{"count":14,"href":"https:\/\/www.grintec.org\/index.php?rest_route=\/wp\/v2\/pages\/62\/revisions"}],"predecessor-version":[{"id":606,"href":"https:\/\/www.grintec.org\/index.php?rest_route=\/wp\/v2\/pages\/62\/revisions\/606"}],"wp:attachment":[{"href":"https:\/\/www.grintec.org\/index.php?rest_route=%2Fwp%2Fv2%2Fmedia&parent=62"}],"curies":[{"name":"wp","href":"https:\/\/api.w.org\/{rel}","templated":true}]}}