{"id":8,"date":"2023-02-04T23:54:20","date_gmt":"2023-02-05T04:54:20","guid":{"rendered":"http:\/\/www.grintec.org\/?page_id=8"},"modified":"2023-02-05T16:40:43","modified_gmt":"2023-02-05T21:40:43","slug":"acerca-de","status":"publish","type":"page","link":"https:\/\/www.grintec.org\/?page_id=8","title":{"rendered":"Acerca de"},"content":{"rendered":"<p style=\"text-align: justify;\">Somos un grupo de investigadores denominado <strong>GRINTEC (Grupo de Investigaci\u00f3n Tecnol\u00f3gico para el Estudio del Clima &#8211; Technological Research Group for the Study of Climate)<\/strong> motivados para realizar e implementar este proyecto as\u00ed como de poner a disposici\u00f3n la informaci\u00f3n con referencia al estado del tiempo.<\/p>\n<p style=\"text-align: justify;\">Este Proyecto tiene como objeto realizar mediciones de distintas variables clim\u00e1ticas (anal\u00f3gicas) las cuales ser\u00e1n \u00fatiles para la toma de decisiones dentro del campo:<\/p>\n<ul>\n<li>Agropecuario \u2013 Agr\u00edcola<\/li>\n<li>Gesti\u00f3n y Manejo de desastres<\/li>\n<li>Tur\u00edstico<\/li>\n<li>Ecol\u00f3gico<\/li>\n<\/ul>\n<p style=\"text-align: justify;\">Todo aquello mediante el uso de una serie de estaciones automatizadas digitales conectadas en red; que generen datos que pueden ser \u00fatiles para los distintos usuarios especializados o publico en general; los cuales ser\u00e1n mostrados a trav\u00e9s de este sitio web.<\/p>\n","protected":false},"excerpt":{"rendered":"<p>Somos un grupo de investigadores denominado GRINTEC (Grupo de Investigaci\u00f3n Tecnol\u00f3gico para el Estudio del Clima &#8211; Technological Research Group for the Study of Climate) motivados para realizar e implementar este proyecto as\u00ed como de poner a disposici\u00f3n la informaci\u00f3n con referencia al estado del tiempo. Este Proyecto tiene como objeto realizar mediciones de distintas [&hellip;]<\/p>\n","protected":false},"author":1,"featured_media":0,"parent":0,"menu_order":2,"comment_status":"closed","ping_status":"closed","template":"","meta":{"footnotes":""},"_links":{"self":[{"href":"https:\/\/www.grintec.org\/index.php?rest_route=\/wp\/v2\/pages\/8"}],"collection":[{"href":"https:\/\/www.grintec.org\/index.php?rest_route=\/wp\/v2\/pages"}],"about":[{"href":"https:\/\/www.grintec.org\/index.php?rest_route=\/wp\/v2\/types\/page"}],"author":[{"embeddable":true,"href":"https:\/\/www.grintec.org\/index.php?rest_route=\/wp\/v2\/users\/1"}],"replies":[{"embeddable":true,"href":"https:\/\/www.grintec.org\/index.php?rest_route=%2Fwp%2Fv2%2Fcomments&post=8"}],"version-history":[{"count":3,"href":"https:\/\/www.grintec.org\/index.php?rest_route=\/wp\/v2\/pages\/8\/revisions"}],"predecessor-version":[{"id":137,"href":"https:\/\/www.grintec.org\/index.php?rest_route=\/wp\/v2\/pages\/8\/revisions\/137"}],"wp:attachment":[{"href":"https:\/\/www.grintec.org\/index.php?rest_route=%2Fwp%2Fv2%2Fmedia&parent=8"}],"curies":[{"name":"wp","href":"https:\/\/api.w.org\/{rel}","templated":true}]}}