{"id":91,"date":"2023-02-05T01:12:11","date_gmt":"2023-02-05T06:12:11","guid":{"rendered":"http:\/\/www.grintec.org\/?page_id=91"},"modified":"2023-02-06T21:55:34","modified_gmt":"2023-02-07T02:55:34","slug":"investigadores","status":"publish","type":"page","link":"https:\/\/www.grintec.org\/?page_id=91","title":{"rendered":"Investigadores"},"content":{"rendered":"<p style=\"text-align: center;\">Dr. Henry Vallejo Ms.C<\/p>\n<p style=\"text-align: center;\"><em><span style=\"font-size: 10pt;\">Multimedia \/ Conectividad y Redes<\/span><\/em><\/p>\n<p style=\"text-align: center;\">Ing. Daysi Guanga Ms.C<\/p>\n<p style=\"text-align: center;\"><em><span style=\"font-size: 10pt;\">Electr\u00f3nica y Computaci\u00f3n \/ Matem\u00e1ticas<\/span><\/em><\/p>\n<p style=\"text-align: center;\">Ing. Danilo Barreno Ms.C<\/p>\n<p style=\"text-align: center;\"><em><span style=\"font-size: 10pt;\">Inform\u00e1tica Aplicada<\/span><\/em><\/p>\n<p style=\"text-align: center;\">Ing. Galuth Garcia Ms.C<\/p>\n<p style=\"text-align: center;\"><em><span style=\"font-size: 10pt;\">Ingeniera en Sistemas<\/span><\/em><\/p>\n<p style=\"text-align: center;\">Ing. Luis Villacis Ms.C<\/p>\n<p style=\"text-align: center;\"><em><span style=\"font-size: 10pt;\">Ge\u00f3grafo y Medio Ambiente<\/span><\/em><\/p>\n","protected":false},"excerpt":{"rendered":"<p>Dr. Henry Vallejo Ms.C Multimedia \/ Conectividad y Redes Ing. Daysi Guanga Ms.C Electr\u00f3nica y Computaci\u00f3n \/ Matem\u00e1ticas Ing. Danilo Barreno Ms.C Inform\u00e1tica Aplicada Ing. Galuth Garcia Ms.C Ingeniera en Sistemas Ing. Luis Villacis Ms.C Ge\u00f3grafo y Medio Ambiente<\/p>\n","protected":false},"author":1,"featured_media":0,"parent":0,"menu_order":0,"comment_status":"closed","ping_status":"closed","template":"","meta":{"footnotes":""},"_links":{"self":[{"href":"https:\/\/www.grintec.org\/index.php?rest_route=\/wp\/v2\/pages\/91"}],"collection":[{"href":"https:\/\/www.grintec.org\/index.php?rest_route=\/wp\/v2\/pages"}],"about":[{"href":"https:\/\/www.grintec.org\/index.php?rest_route=\/wp\/v2\/types\/page"}],"author":[{"embeddable":true,"href":"https:\/\/www.grintec.org\/index.php?rest_route=\/wp\/v2\/users\/1"}],"replies":[{"embeddable":true,"href":"https:\/\/www.grintec.org\/index.php?rest_route=%2Fwp%2Fv2%2Fcomments&post=91"}],"version-history":[{"count":3,"href":"https:\/\/www.grintec.org\/index.php?rest_route=\/wp\/v2\/pages\/91\/revisions"}],"predecessor-version":[{"id":114,"href":"https:\/\/www.grintec.org\/index.php?rest_route=\/wp\/v2\/pages\/91\/revisions\/114"}],"wp:attachment":[{"href":"https:\/\/www.grintec.org\/index.php?rest_route=%2Fwp%2Fv2%2Fmedia&parent=91"}],"curies":[{"name":"wp","href":"https:\/\/api.w.org\/{rel}","templated":true}]}}